{"id":3827,"date":"2025-04-21T01:33:16","date_gmt":"2025-04-21T01:33:16","guid":{"rendered":"https:\/\/servitec.servitecglobalsystem.com\/?post_type=product&#038;p=3827"},"modified":"2025-06-27T21:44:59","modified_gmt":"2025-06-27T21:44:59","slug":"audifono-stn-59-dama","status":"publish","type":"product","link":"https:\/\/servitec.servitecglobalsystem.com\/?product=audifono-stn-59-dama","title":{"rendered":"AUDIFONO STN-59 DAMA"},"content":{"rendered":"<ul>\n<li class=\"\" data-start=\"98\" data-end=\"167\">\n<p class=\"\" data-start=\"100\" data-end=\"167\"><strong data-start=\"100\" data-end=\"108\">Tipo<\/strong>: Son <strong data-start=\"114\" data-end=\"140\">aud\u00edfonos inal\u00e1mbricos<\/strong> de <strong data-start=\"144\" data-end=\"155\">diadema<\/strong> (over-ear).<\/p>\n<\/li>\n<li class=\"\" data-start=\"168\" data-end=\"309\">\n<p class=\"\" data-start=\"170\" data-end=\"309\"><strong data-start=\"170\" data-end=\"183\">Bluetooth<\/strong>: Usan <strong data-start=\"190\" data-end=\"213\">Bluetooth 4.1 o 5.0<\/strong> (depende del fabricante), para conexi\u00f3n inal\u00e1mbrica estable a celulares, tablets, laptops, etc.<\/p>\n<\/li>\n<li class=\"\" data-start=\"310\" data-end=\"507\">\n<p class=\"\" data-start=\"312\" data-end=\"324\"><strong data-start=\"312\" data-end=\"322\">Dise\u00f1o<\/strong>:<\/p>\n<ul data-start=\"327\" data-end=\"507\">\n<li class=\"\" data-start=\"327\" data-end=\"411\">\n<p class=\"\" data-start=\"329\" data-end=\"411\">Estilo <strong data-start=\"336\" data-end=\"357\">elegante y ligero<\/strong>, pensado para uso femenino (de ah\u00ed el nombre \u00abDama\u00bb).<\/p>\n<\/li>\n<li class=\"\" data-start=\"414\" data-end=\"507\">\n<p class=\"\" data-start=\"416\" data-end=\"507\"><strong data-start=\"416\" data-end=\"430\">Ajustables<\/strong> y con <strong data-start=\"437\" data-end=\"466\">almohadillas acolchonadas<\/strong> para mayor comodidad en largas sesiones.<\/p>\n<\/li>\n<\/ul>\n<\/li>\n<li class=\"\" data-start=\"508\" data-end=\"654\">\n<p class=\"\" data-start=\"510\" data-end=\"522\"><strong data-start=\"510\" data-end=\"520\">Sonido<\/strong>:<\/p>\n<ul data-start=\"525\" data-end=\"654\">\n<li class=\"\" data-start=\"525\" data-end=\"554\">\n<p class=\"\" data-start=\"527\" data-end=\"554\">Ofrecen <strong data-start=\"535\" data-end=\"553\">sonido est\u00e9reo<\/strong>.<\/p>\n<\/li>\n<li class=\"\" data-start=\"557\" data-end=\"654\">\n<p class=\"\" data-start=\"559\" data-end=\"654\">Buenos <strong data-start=\"566\" data-end=\"576\">graves<\/strong> y <strong data-start=\"579\" data-end=\"596\">agudos claros<\/strong>, aunque no son aud\u00edfonos profesionales de alta fidelidad.<\/p>\n<\/li>\n<\/ul>\n<\/li>\n<li class=\"\" data-start=\"655\" data-end=\"794\">\n<p class=\"\" data-start=\"657\" data-end=\"670\"><strong data-start=\"657\" data-end=\"668\">Bater\u00eda<\/strong>:<\/p>\n<ul data-start=\"673\" data-end=\"794\">\n<li class=\"\" data-start=\"673\" data-end=\"750\">\n<p class=\"\" data-start=\"675\" data-end=\"750\">Reproducci\u00f3n continua de <strong data-start=\"700\" data-end=\"715\">4 a 6 horas<\/strong> (var\u00eda seg\u00fan el volumen y el uso).<\/p>\n<\/li>\n<li class=\"\" data-start=\"753\" data-end=\"794\">\n<p class=\"\" data-start=\"755\" data-end=\"794\">Se cargan mediante <strong data-start=\"774\" data-end=\"793\">cable micro USB<\/strong>.<\/p>\n<\/li>\n<\/ul>\n<\/li>\n<li class=\"\" data-start=\"795\" data-end=\"1183\">\n<p class=\"\" data-start=\"797\" data-end=\"811\"><strong data-start=\"797\" data-end=\"810\">Funciones<\/strong>:<\/p>\n<ul data-start=\"814\" data-end=\"1183\">\n<li class=\"\" data-start=\"814\" data-end=\"869\">\n<p class=\"\" data-start=\"816\" data-end=\"869\"><strong data-start=\"816\" data-end=\"832\">Manos libres<\/strong> para llamadas (micr\u00f3fono integrado).<\/p>\n<\/li>\n<li class=\"\" data-start=\"872\" data-end=\"951\">\n<p class=\"\" data-start=\"874\" data-end=\"951\">Botones f\u00edsicos en el auricular para controlar volumen, canciones y llamadas.<\/p>\n<\/li>\n<li class=\"\" data-start=\"954\" data-end=\"1047\">\n<p class=\"\" data-start=\"956\" data-end=\"1047\"><strong data-start=\"956\" data-end=\"983\">Entrada auxiliar 3.5 mm<\/strong>: Puedes usarlos tambi\u00e9n <strong data-start=\"1008\" data-end=\"1021\">con cable<\/strong> si te quedas sin bater\u00eda.<\/p>\n<\/li>\n<li class=\"\" data-start=\"1050\" data-end=\"1183\">\n<p class=\"\" data-start=\"1052\" data-end=\"1183\">Algunos modelos tienen <strong data-start=\"1075\" data-end=\"1106\">ranura para tarjeta MicroSD<\/strong>, para reproducir m\u00fasica directamente desde ah\u00ed, sin necesidad de un celular.<\/p>\n<\/li>\n<\/ul>\n<\/li>\n<li class=\"\" data-start=\"1184\" data-end=\"1257\">\n<p class=\"\" data-start=\"1186\" data-end=\"1257\"><strong data-start=\"1186\" data-end=\"1204\">Compatibilidad<\/strong>: Con dispositivos Android, iOS, PC, consolas, y m\u00e1s.<\/p>\n<\/li>\n<\/ul>\n","protected":false},"excerpt":{"rendered":"<p>Tipo: Son aud\u00edfonos inal\u00e1mbricos de diadema (over-ear). Bluetooth: Usan Bluetooth 4.1 o 5.0 (depende del fabricante), para conexi\u00f3n inal\u00e1mbrica estable a celulares, tablets, laptops, etc. Dise\u00f1o: Estilo elegante y ligero, pensado para uso femenino (de ah\u00ed el nombre \u00abDama\u00bb). Ajustables y con almohadillas acolchonadas para mayor comodidad en largas sesiones. Sonido: Ofrecen sonido est\u00e9reo. Buenos graves y agudos claros, aunque no son aud\u00edfonos profesionales de alta fidelidad. Bater\u00eda: Reproducci\u00f3n continua de 4 a 6 horas (var\u00eda seg\u00fan el volumen y el uso). Se cargan mediante cable micro USB. Funciones: Manos libres para llamadas (micr\u00f3fono integrado). Botones f\u00edsicos en el auricular para controlar volumen, canciones y llamadas. Entrada auxiliar 3.5 mm: Puedes usarlos tambi\u00e9n con cable si te quedas sin bater\u00eda. Algunos modelos tienen ranura para tarjeta MicroSD, para reproducir m\u00fasica directamente desde ah\u00ed, sin necesidad de un celular. Compatibilidad: Con dispositivos Android, iOS, PC, consolas, y m\u00e1s.<\/p>\n","protected":false},"featured_media":3973,"comment_status":"open","ping_status":"closed","template":"","meta":{"_joinchat":[],"jetpack_publicize_message":"","jetpack_publicize_feature_enabled":true,"jetpack_social_post_already_shared":true,"jetpack_social_options":{"image_generator_settings":{"template":"highway","default_image_id":0,"font":"","enabled":false},"version":2}},"product_brand":[],"product_cat":[43,24],"product_tag":[],"class_list":{"0":"post-3827","1":"product","2":"type-product","3":"status-publish","4":"has-post-thumbnail","6":"product_cat-accesorios","7":"product_cat-categoria-todos","9":"first","10":"instock","11":"taxable","12":"shipping-taxable","13":"purchasable","14":"product-type-simple"},"jetpack_publicize_connections":[],"_links":{"self":[{"href":"https:\/\/servitec.servitecglobalsystem.com\/index.php?rest_route=\/wp\/v2\/product\/3827","targetHints":{"allow":["GET"]}}],"collection":[{"href":"https:\/\/servitec.servitecglobalsystem.com\/index.php?rest_route=\/wp\/v2\/product"}],"about":[{"href":"https:\/\/servitec.servitecglobalsystem.com\/index.php?rest_route=\/wp\/v2\/types\/product"}],"replies":[{"embeddable":true,"href":"https:\/\/servitec.servitecglobalsystem.com\/index.php?rest_route=%2Fwp%2Fv2%2Fcomments&post=3827"}],"version-history":[{"count":1,"href":"https:\/\/servitec.servitecglobalsystem.com\/index.php?rest_route=\/wp\/v2\/product\/3827\/revisions"}],"predecessor-version":[{"id":3830,"href":"https:\/\/servitec.servitecglobalsystem.com\/index.php?rest_route=\/wp\/v2\/product\/3827\/revisions\/3830"}],"wp:featuredmedia":[{"embeddable":true,"href":"https:\/\/servitec.servitecglobalsystem.com\/index.php?rest_route=\/wp\/v2\/media\/3973"}],"wp:attachment":[{"href":"https:\/\/servitec.servitecglobalsystem.com\/index.php?rest_route=%2Fwp%2Fv2%2Fmedia&parent=3827"}],"wp:term":[{"taxonomy":"product_brand","embeddable":true,"href":"https:\/\/servitec.servitecglobalsystem.com\/index.php?rest_route=%2Fwp%2Fv2%2Fproduct_brand&post=3827"},{"taxonomy":"product_cat","embeddable":true,"href":"https:\/\/servitec.servitecglobalsystem.com\/index.php?rest_route=%2Fwp%2Fv2%2Fproduct_cat&post=3827"},{"taxonomy":"product_tag","embeddable":true,"href":"https:\/\/servitec.servitecglobalsystem.com\/index.php?rest_route=%2Fwp%2Fv2%2Fproduct_tag&post=3827"}],"curies":[{"name":"wp","href":"https:\/\/api.w.org\/{rel}","templated":true}]}}