{"id":1956,"date":"2025-04-03T22:52:58","date_gmt":"2025-04-03T22:52:58","guid":{"rendered":"https:\/\/servitec.servitecglobalsystem.com\/?post_type=product&#038;p=1956"},"modified":"2025-06-29T01:37:58","modified_gmt":"2025-06-29T01:37:58","slug":"memoria-ddr4-8gb-3000-g-orion-black","status":"publish","type":"product","link":"https:\/\/servitec.servitecglobalsystem.com\/?product=memoria-ddr4-8gb-3000-g-orion-black","title":{"rendered":"Memoria DDR4 8GB 3000 G-ORION BLACK"},"content":{"rendered":"<ul>\n<li class=\"\" data-start=\"127\" data-end=\"225\">\n<p class=\"\" data-start=\"129\" data-end=\"225\"><strong data-start=\"129\" data-end=\"142\">Capacidad<\/strong>: <span class=\"relative -mx-px my-[-0.2rem] rounded-sm px-px py-[0.2rem]\">8GB, adecuada para tareas cotidianas y multitarea moderada.<\/span>\u200b<\/p>\n<\/li>\n<li class=\"\" data-start=\"226\" data-end=\"324\">\n<p class=\"\" data-start=\"228\" data-end=\"324\"><strong data-start=\"228\" data-end=\"241\">Velocidad<\/strong>: <span class=\"relative -mx-px my-[-0.2rem] rounded-sm px-px py-[0.2rem]\">3000MHz, que permite una transferencia de datos eficiente.<\/span>\u200b<\/p>\n<\/li>\n<li class=\"\" data-start=\"226\" data-end=\"324\">\n<p class=\"\" data-start=\"228\" data-end=\"324\"><strong data-start=\"327\" data-end=\"343\">Latencia CAS<\/strong>: <span class=\"relative -mx-px my-[-0.2rem] rounded-sm px-px py-[0.2rem]\">16-18-18-36, asegurando tiempos de respuesta r\u00e1pidos.<\/span>\u200b<\/p>\n<\/li>\n<li class=\"\" data-start=\"427\" data-end=\"536\">\n<p class=\"\" data-start=\"429\" data-end=\"536\"><strong data-start=\"429\" data-end=\"453\">Voltaje de operaci\u00f3n<\/strong>: <span class=\"relative -mx-px my-[-0.2rem] rounded-sm px-px py-[0.2rem]\">1.35V, contribuyendo a una mayor eficiencia energ\u00e9tica.<\/span>\u200b<\/p>\n<\/li>\n<li class=\"\" data-start=\"537\" data-end=\"648\">\n<p class=\"\" data-start=\"539\" data-end=\"648\"><strong data-start=\"539\" data-end=\"561\">Disipador de calor<\/strong>: <span class=\"relative -mx-px my-[-0.2rem] rounded-sm px-px py-[0.2rem]\">Equipado con un disipador en color negro que mejora la estabilidad y el rendimiento t\u00e9rmico.<\/span>\u200b<\/p>\n<\/li>\n<li class=\"\" data-start=\"649\" data-end=\"753\">\n<p class=\"\" data-start=\"651\" data-end=\"753\"><strong data-start=\"651\" data-end=\"666\">Iluminaci\u00f3n<\/strong>: <span class=\"relative -mx-px my-[-0.2rem] rounded-sm px-px py-[0.2rem]\">Sin iluminaci\u00f3n RGB, ofreciendo un dise\u00f1o m\u00e1s sobrio.<\/span>\u200b<\/p>\n<\/li>\n<li class=\"\" data-start=\"754\" data-end=\"854\">\n<p class=\"\" data-start=\"756\" data-end=\"854\"><strong data-start=\"756\" data-end=\"767\">Formato<\/strong>: <span class=\"relative -mx-px my-[-0.2rem] rounded-sm px-px py-[0.2rem]\">DIMM de 288 pines, compatible con la mayor\u00eda de las placas base de<\/span><\/p>\n<\/li>\n<\/ul>\n","protected":false},"excerpt":{"rendered":"<p>Capacidad: 8GB, adecuada para tareas cotidianas y multitarea moderada.\u200b Velocidad: 3000MHz, que permite una transferencia de datos eficiente.\u200b Latencia CAS: 16-18-18-36, asegurando tiempos de respuesta r\u00e1pidos.\u200b Voltaje de operaci\u00f3n: 1.35V, contribuyendo a una mayor eficiencia energ\u00e9tica.\u200b Disipador de calor: Equipado con un disipador en color negro que mejora la estabilidad y el rendimiento t\u00e9rmico.\u200b Iluminaci\u00f3n: Sin iluminaci\u00f3n RGB, ofreciendo un dise\u00f1o m\u00e1s sobrio.\u200b Formato: DIMM de 288 pines, compatible con la mayor\u00eda de las placas base de<\/p>\n","protected":false},"featured_media":4050,"comment_status":"open","ping_status":"closed","template":"","meta":{"_joinchat":[],"jetpack_publicize_message":"","jetpack_publicize_feature_enabled":true,"jetpack_social_post_already_shared":true,"jetpack_social_options":{"image_generator_settings":{"template":"highway","default_image_id":0,"font":"","enabled":false},"version":2}},"product_brand":[],"product_cat":[35,24],"product_tag":[],"class_list":{"0":"post-1956","1":"product","2":"type-product","3":"status-publish","4":"has-post-thumbnail","6":"product_cat-memoria-ram","7":"product_cat-categoria-todos","9":"first","10":"instock","11":"taxable","12":"shipping-taxable","13":"purchasable","14":"product-type-simple"},"jetpack_publicize_connections":[],"_links":{"self":[{"href":"https:\/\/servitec.servitecglobalsystem.com\/index.php?rest_route=\/wp\/v2\/product\/1956","targetHints":{"allow":["GET"]}}],"collection":[{"href":"https:\/\/servitec.servitecglobalsystem.com\/index.php?rest_route=\/wp\/v2\/product"}],"about":[{"href":"https:\/\/servitec.servitecglobalsystem.com\/index.php?rest_route=\/wp\/v2\/types\/product"}],"replies":[{"embeddable":true,"href":"https:\/\/servitec.servitecglobalsystem.com\/index.php?rest_route=%2Fwp%2Fv2%2Fcomments&post=1956"}],"version-history":[{"count":1,"href":"https:\/\/servitec.servitecglobalsystem.com\/index.php?rest_route=\/wp\/v2\/product\/1956\/revisions"}],"predecessor-version":[{"id":1957,"href":"https:\/\/servitec.servitecglobalsystem.com\/index.php?rest_route=\/wp\/v2\/product\/1956\/revisions\/1957"}],"wp:featuredmedia":[{"embeddable":true,"href":"https:\/\/servitec.servitecglobalsystem.com\/index.php?rest_route=\/wp\/v2\/media\/4050"}],"wp:attachment":[{"href":"https:\/\/servitec.servitecglobalsystem.com\/index.php?rest_route=%2Fwp%2Fv2%2Fmedia&parent=1956"}],"wp:term":[{"taxonomy":"product_brand","embeddable":true,"href":"https:\/\/servitec.servitecglobalsystem.com\/index.php?rest_route=%2Fwp%2Fv2%2Fproduct_brand&post=1956"},{"taxonomy":"product_cat","embeddable":true,"href":"https:\/\/servitec.servitecglobalsystem.com\/index.php?rest_route=%2Fwp%2Fv2%2Fproduct_cat&post=1956"},{"taxonomy":"product_tag","embeddable":true,"href":"https:\/\/servitec.servitecglobalsystem.com\/index.php?rest_route=%2Fwp%2Fv2%2Fproduct_tag&post=1956"}],"curies":[{"name":"wp","href":"https:\/\/api.w.org\/{rel}","templated":true}]}}