{"id":1946,"date":"2025-04-03T22:42:54","date_gmt":"2025-04-03T22:42:54","guid":{"rendered":"https:\/\/servitec.servitecglobalsystem.com\/?post_type=product&#038;p=1946"},"modified":"2025-06-29T15:56:52","modified_gmt":"2025-06-29T15:56:52","slug":"memoria-ddr4-8gb-3200-2666-boetec-con-disipador","status":"publish","type":"product","link":"https:\/\/servitec.servitecglobalsystem.com\/?product=memoria-ddr4-8gb-3200-2666-boetec-con-disipador","title":{"rendered":"Memoria DDR4 8GB 3200 2666 BOETEC CON DISIPADOR"},"content":{"rendered":"<ul>\n<li class=\"\" data-start=\"127\" data-end=\"225\">\n<p class=\"\" data-start=\"129\" data-end=\"225\"><strong data-start=\"129\" data-end=\"142\">Capacidad<\/strong>: <span class=\"relative -mx-px my-[-0.2rem] rounded-sm px-px py-[0.2rem]\">8GB, adecuada para tareas cotidianas y multitarea moderada.<\/span>\u200b<\/p>\n<\/li>\n<li class=\"\" data-start=\"226\" data-end=\"324\">\n<p class=\"\" data-start=\"228\" data-end=\"324\"><strong data-start=\"228\" data-end=\"241\">Velocidad<\/strong>: <span class=\"relative -mx-px my-[-0.2rem] rounded-sm px-px py-[0.2rem]\">2666MHz, que permite una transferencia de datos eficiente.<\/span>\u200b<\/p>\n<\/li>\n<li class=\"\" data-start=\"325\" data-end=\"420\">\n<p class=\"\" data-start=\"327\" data-end=\"420\"><strong data-start=\"327\" data-end=\"337\">Modelo<\/strong>: <span class=\"relative -mx-px my-[-0.2rem] rounded-sm px-px py-[0.2rem]\">Lambo, con un dise\u00f1o de disipador de calor en color amarillo que mejora la disipaci\u00f3n t\u00e9rmica y aporta un toque est\u00e9tico distintivo.<\/span>\u200b<\/p>\n<\/li>\n<li class=\"\" data-start=\"421\" data-end=\"517\">\n<p class=\"\" data-start=\"423\" data-end=\"517\"><strong data-start=\"423\" data-end=\"434\">Formato<\/strong>: <span class=\"relative -mx-px my-[-0.2rem] rounded-sm px-px py-[0.2rem]\">UDIMM, compatible con la mayor\u00eda de las placas base de escritorio.<\/span>\u200b<\/p>\n<\/li>\n<li class=\"\" data-start=\"518\" data-end=\"618\">\n<p class=\"\" data-start=\"520\" data-end=\"618\"><strong data-start=\"520\" data-end=\"531\">Voltaje<\/strong>: <span class=\"relative -mx-px my-[-0.2rem] rounded-sm px-px py-[0.2rem]\">1.2V, contribuyendo a una mayor eficiencia energ\u00e9tica<\/span><\/p>\n<\/li>\n<\/ul>\n","protected":false},"excerpt":{"rendered":"<p>Capacidad: 8GB, adecuada para tareas cotidianas y multitarea moderada.\u200b Velocidad: 2666MHz, que permite una transferencia de datos eficiente.\u200b Modelo: Lambo, con un dise\u00f1o de disipador de calor en color amarillo que mejora la disipaci\u00f3n t\u00e9rmica y aporta un toque est\u00e9tico distintivo.\u200b Formato: UDIMM, compatible con la mayor\u00eda de las placas base de escritorio.\u200b Voltaje: 1.2V, contribuyendo a una mayor eficiencia energ\u00e9tica<\/p>\n","protected":false},"featured_media":4057,"comment_status":"open","ping_status":"closed","template":"","meta":{"_joinchat":[],"jetpack_publicize_message":"","jetpack_publicize_feature_enabled":true,"jetpack_social_post_already_shared":true,"jetpack_social_options":{"image_generator_settings":{"template":"highway","default_image_id":0,"font":"","enabled":false},"version":2}},"product_brand":[],"product_cat":[35,24],"product_tag":[],"class_list":{"0":"post-1946","1":"product","2":"type-product","3":"status-publish","4":"has-post-thumbnail","6":"product_cat-memoria-ram","7":"product_cat-categoria-todos","9":"first","10":"instock","11":"taxable","12":"shipping-taxable","13":"purchasable","14":"product-type-simple"},"jetpack_publicize_connections":[],"_links":{"self":[{"href":"https:\/\/servitec.servitecglobalsystem.com\/index.php?rest_route=\/wp\/v2\/product\/1946","targetHints":{"allow":["GET"]}}],"collection":[{"href":"https:\/\/servitec.servitecglobalsystem.com\/index.php?rest_route=\/wp\/v2\/product"}],"about":[{"href":"https:\/\/servitec.servitecglobalsystem.com\/index.php?rest_route=\/wp\/v2\/types\/product"}],"replies":[{"embeddable":true,"href":"https:\/\/servitec.servitecglobalsystem.com\/index.php?rest_route=%2Fwp%2Fv2%2Fcomments&post=1946"}],"version-history":[{"count":1,"href":"https:\/\/servitec.servitecglobalsystem.com\/index.php?rest_route=\/wp\/v2\/product\/1946\/revisions"}],"predecessor-version":[{"id":1949,"href":"https:\/\/servitec.servitecglobalsystem.com\/index.php?rest_route=\/wp\/v2\/product\/1946\/revisions\/1949"}],"wp:featuredmedia":[{"embeddable":true,"href":"https:\/\/servitec.servitecglobalsystem.com\/index.php?rest_route=\/wp\/v2\/media\/4057"}],"wp:attachment":[{"href":"https:\/\/servitec.servitecglobalsystem.com\/index.php?rest_route=%2Fwp%2Fv2%2Fmedia&parent=1946"}],"wp:term":[{"taxonomy":"product_brand","embeddable":true,"href":"https:\/\/servitec.servitecglobalsystem.com\/index.php?rest_route=%2Fwp%2Fv2%2Fproduct_brand&post=1946"},{"taxonomy":"product_cat","embeddable":true,"href":"https:\/\/servitec.servitecglobalsystem.com\/index.php?rest_route=%2Fwp%2Fv2%2Fproduct_cat&post=1946"},{"taxonomy":"product_tag","embeddable":true,"href":"https:\/\/servitec.servitecglobalsystem.com\/index.php?rest_route=%2Fwp%2Fv2%2Fproduct_tag&post=1946"}],"curies":[{"name":"wp","href":"https:\/\/api.w.org\/{rel}","templated":true}]}}