{"id":1929,"date":"2025-04-03T22:01:59","date_gmt":"2025-04-03T22:01:59","guid":{"rendered":"https:\/\/servitec.servitecglobalsystem.com\/?post_type=product&#038;p=1929"},"modified":"2025-06-29T16:38:31","modified_gmt":"2025-06-29T16:38:31","slug":"memoria-ddr4-8gb-3200-xpg-spetrick-d8-con-rgb","status":"publish","type":"product","link":"https:\/\/servitec.servitecglobalsystem.com\/?product=memoria-ddr4-8gb-3200-xpg-spetrick-d8-con-rgb","title":{"rendered":"Memoria DDR4 8GB 3200 XPG SPETRICK D8 CON RGB"},"content":{"rendered":"<ul>\n<li class=\"\" data-start=\"127\" data-end=\"225\">\n<p class=\"\" data-start=\"129\" data-end=\"225\"><strong data-start=\"129\" data-end=\"142\">Capacidad<\/strong>: <span class=\"relative -mx-px my-[-0.2rem] rounded-sm px-px py-[0.2rem]\">8GB, adecuada para multitarea y aplicaciones exigentes.<\/span>\u200b<\/p>\n<\/li>\n<li class=\"\" data-start=\"226\" data-end=\"324\">\n<p class=\"\" data-start=\"228\" data-end=\"324\"><strong data-start=\"228\" data-end=\"241\">Velocidad<\/strong>: <span class=\"relative -mx-px my-[-0.2rem] rounded-sm px-px py-[0.2rem]\">3200MHz, que permite una transferencia de datos r\u00e1pida y eficiente.<\/span>\u200b<\/p>\n<\/li>\n<li class=\"\" data-start=\"325\" data-end=\"426\">\n<p class=\"\" data-start=\"327\" data-end=\"426\"><strong data-start=\"327\" data-end=\"343\">Latencia CAS<\/strong>: <span class=\"relative -mx-px my-[-0.2rem] rounded-sm px-px py-[0.2rem]\">CL16, asegurando tiempos de respuesta \u00f3ptimos.<\/span>\u200b<\/p>\n<\/li>\n<li class=\"\" data-start=\"427\" data-end=\"536\">\n<p class=\"\" data-start=\"429\" data-end=\"536\"><strong data-start=\"429\" data-end=\"453\">Voltaje de operaci\u00f3n<\/strong>: <span class=\"relative -mx-px my-[-0.2rem] rounded-sm px-px py-[0.2rem]\">1.35V, contribuyendo a una mayor eficiencia energ\u00e9tica.<\/span>\u200b<\/p>\n<\/li>\n<li class=\"\" data-start=\"537\" data-end=\"645\">\n<p class=\"\" data-start=\"539\" data-end=\"645\"><strong data-start=\"539\" data-end=\"558\">Iluminaci\u00f3n RGB<\/strong>: <span class=\"relative -mx-px my-[-0.2rem] rounded-sm px-px py-[0.2rem]\">Dise\u00f1o \u00fanico con doble tira de luz RGB que ofrece una amplia superficie iluminada, permitiendo personalizar efectos y colores.<\/span>\u200b<\/p>\n<\/li>\n<li class=\"\" data-start=\"646\" data-end=\"753\">\n<p class=\"\" data-start=\"648\" data-end=\"753\"><strong data-start=\"648\" data-end=\"666\">Compatibilidad<\/strong>: <span class=\"relative -mx-px my-[-0.2rem] rounded-sm px-px py-[0.2rem] bg-[#FCECC1] dark:bg-[#64572A]\">Compatible con perfiles Intel\u00ae XMP 2.0 para facilitar el overclocking y garantizar estabilidad.<\/span>\u200b<\/p>\n<\/li>\n<\/ul>\n","protected":false},"excerpt":{"rendered":"<p>Capacidad: 8GB, adecuada para multitarea y aplicaciones exigentes.\u200b Velocidad: 3200MHz, que permite una transferencia de datos r\u00e1pida y eficiente.\u200b Latencia CAS: CL16, asegurando tiempos de respuesta \u00f3ptimos.\u200b Voltaje de operaci\u00f3n: 1.35V, contribuyendo a una mayor eficiencia energ\u00e9tica.\u200b Iluminaci\u00f3n RGB: Dise\u00f1o \u00fanico con doble tira de luz RGB que ofrece una amplia superficie iluminada, permitiendo personalizar efectos y colores.\u200b Compatibilidad: Compatible con perfiles Intel\u00ae XMP 2.0 para facilitar el overclocking y garantizar estabilidad.\u200b<\/p>\n","protected":false},"featured_media":4069,"comment_status":"open","ping_status":"closed","template":"","meta":{"_joinchat":[],"jetpack_publicize_message":"","jetpack_publicize_feature_enabled":true,"jetpack_social_post_already_shared":true,"jetpack_social_options":{"image_generator_settings":{"template":"highway","default_image_id":0,"font":"","enabled":false},"version":2}},"product_brand":[],"product_cat":[35,24],"product_tag":[],"class_list":{"0":"post-1929","1":"product","2":"type-product","3":"status-publish","4":"has-post-thumbnail","6":"product_cat-memoria-ram","7":"product_cat-categoria-todos","9":"first","10":"instock","11":"taxable","12":"shipping-taxable","13":"purchasable","14":"product-type-simple"},"jetpack_publicize_connections":[],"_links":{"self":[{"href":"https:\/\/servitec.servitecglobalsystem.com\/index.php?rest_route=\/wp\/v2\/product\/1929","targetHints":{"allow":["GET"]}}],"collection":[{"href":"https:\/\/servitec.servitecglobalsystem.com\/index.php?rest_route=\/wp\/v2\/product"}],"about":[{"href":"https:\/\/servitec.servitecglobalsystem.com\/index.php?rest_route=\/wp\/v2\/types\/product"}],"replies":[{"embeddable":true,"href":"https:\/\/servitec.servitecglobalsystem.com\/index.php?rest_route=%2Fwp%2Fv2%2Fcomments&post=1929"}],"version-history":[{"count":1,"href":"https:\/\/servitec.servitecglobalsystem.com\/index.php?rest_route=\/wp\/v2\/product\/1929\/revisions"}],"predecessor-version":[{"id":1932,"href":"https:\/\/servitec.servitecglobalsystem.com\/index.php?rest_route=\/wp\/v2\/product\/1929\/revisions\/1932"}],"wp:featuredmedia":[{"embeddable":true,"href":"https:\/\/servitec.servitecglobalsystem.com\/index.php?rest_route=\/wp\/v2\/media\/4069"}],"wp:attachment":[{"href":"https:\/\/servitec.servitecglobalsystem.com\/index.php?rest_route=%2Fwp%2Fv2%2Fmedia&parent=1929"}],"wp:term":[{"taxonomy":"product_brand","embeddable":true,"href":"https:\/\/servitec.servitecglobalsystem.com\/index.php?rest_route=%2Fwp%2Fv2%2Fproduct_brand&post=1929"},{"taxonomy":"product_cat","embeddable":true,"href":"https:\/\/servitec.servitecglobalsystem.com\/index.php?rest_route=%2Fwp%2Fv2%2Fproduct_cat&post=1929"},{"taxonomy":"product_tag","embeddable":true,"href":"https:\/\/servitec.servitecglobalsystem.com\/index.php?rest_route=%2Fwp%2Fv2%2Fproduct_tag&post=1929"}],"curies":[{"name":"wp","href":"https:\/\/api.w.org\/{rel}","templated":true}]}}