{"id":1924,"date":"2025-04-03T21:34:14","date_gmt":"2025-04-03T21:34:14","guid":{"rendered":"https:\/\/servitec.servitecglobalsystem.com\/?post_type=product&#038;p=1924"},"modified":"2025-06-29T19:23:49","modified_gmt":"2025-06-29T19:23:49","slug":"memoria-ddr4-8gb-xpg-gammix-d35-8gb-3200mhz-white-ax","status":"publish","type":"product","link":"https:\/\/servitec.servitecglobalsystem.com\/?product=memoria-ddr4-8gb-xpg-gammix-d35-8gb-3200mhz-white-ax","title":{"rendered":"Memoria DDR4 8GB XPG GAMMIX D35 8GB 3200MHZ WHITE AX"},"content":{"rendered":"<ul>\n<li class=\"\" data-start=\"127\" data-end=\"225\">\n<p class=\"\" data-start=\"129\" data-end=\"225\"><strong data-start=\"129\" data-end=\"142\">Capacidad<\/strong>: <span class=\"relative -mx-px my-[-0.2rem] rounded-sm px-px py-[0.2rem]\">8GB, adecuada para multitarea y aplicaciones exigentes.<\/span>\u200b<\/p>\n<\/li>\n<li class=\"\" data-start=\"226\" data-end=\"324\">\n<p class=\"\" data-start=\"228\" data-end=\"324\"><strong data-start=\"228\" data-end=\"241\">Velocidad<\/strong>: <span class=\"relative -mx-px my-[-0.2rem] rounded-sm px-px py-[0.2rem]\">3200MHz, que permite una transferencia de datos r\u00e1pida y eficiente.<\/span>\u200b<\/p>\n<\/li>\n<li class=\"\" data-start=\"325\" data-end=\"426\">\n<p class=\"\" data-start=\"327\" data-end=\"426\"><strong data-start=\"327\" data-end=\"343\">Latencia CAS<\/strong>: <span class=\"relative -mx-px my-[-0.2rem] rounded-sm px-px py-[0.2rem]\">CL16, asegurando tiempos de respuesta \u00f3ptimos.<\/span>\u200b<\/p>\n<\/li>\n<li class=\"\" data-start=\"427\" data-end=\"536\">\n<p class=\"\" data-start=\"429\" data-end=\"536\"><strong data-start=\"429\" data-end=\"453\">Voltaje de operaci\u00f3n<\/strong>: <span class=\"relative -mx-px my-[-0.2rem] rounded-sm px-px py-[0.2rem]\">1.35V, contribuyendo a una mayor eficiencia energ\u00e9tica.<\/span>\u200b<\/p>\n<\/li>\n<li class=\"\" data-start=\"537\" data-end=\"648\">\n<p class=\"\" data-start=\"539\" data-end=\"648\"><strong data-start=\"539\" data-end=\"561\">Disipador de calor<\/strong>: <span class=\"relative -mx-px my-[-0.2rem] rounded-sm px-px py-[0.2rem]\">Dise\u00f1o compacto de perfil bajo en color blanco, facilitando la instalaci\u00f3n en chasis de tama\u00f1o reducido y mejorando la disipaci\u00f3n t\u00e9rmica.<\/span>\u200b<\/p>\n<\/li>\n<li class=\"\" data-start=\"649\" data-end=\"756\">\n<p class=\"\" data-start=\"651\" data-end=\"756\"><strong data-start=\"651\" data-end=\"669\">Compatibilidad<\/strong>: <span class=\"relative -mx-px my-[-0.2rem] rounded-sm px-px py-[0.2rem]\">Compatible con las \u00faltimas plataformas de Intel y AMD, y admite Intel\u00ae XMP 2.0 para facilitar el overclocking.<\/span><\/p>\n<\/li>\n<\/ul>\n","protected":false},"excerpt":{"rendered":"<p>Capacidad: 8GB, adecuada para multitarea y aplicaciones exigentes.\u200b Velocidad: 3200MHz, que permite una transferencia de datos r\u00e1pida y eficiente.\u200b Latencia CAS: CL16, asegurando tiempos de respuesta \u00f3ptimos.\u200b Voltaje de operaci\u00f3n: 1.35V, contribuyendo a una mayor eficiencia energ\u00e9tica.\u200b Disipador de calor: Dise\u00f1o compacto de perfil bajo en color blanco, facilitando la instalaci\u00f3n en chasis de tama\u00f1o reducido y mejorando la disipaci\u00f3n t\u00e9rmica.\u200b Compatibilidad: Compatible con las \u00faltimas plataformas de Intel y AMD, y admite Intel\u00ae XMP 2.0 para facilitar el overclocking.<\/p>\n","protected":false},"featured_media":4071,"comment_status":"open","ping_status":"closed","template":"","meta":{"_joinchat":[],"jetpack_publicize_message":"","jetpack_publicize_feature_enabled":true,"jetpack_social_post_already_shared":true,"jetpack_social_options":{"image_generator_settings":{"template":"highway","default_image_id":0,"font":"","enabled":false},"version":2}},"product_brand":[],"product_cat":[35,24],"product_tag":[],"class_list":{"0":"post-1924","1":"product","2":"type-product","3":"status-publish","4":"has-post-thumbnail","6":"product_cat-memoria-ram","7":"product_cat-categoria-todos","9":"first","10":"instock","11":"taxable","12":"shipping-taxable","13":"purchasable","14":"product-type-simple"},"jetpack_publicize_connections":[],"_links":{"self":[{"href":"https:\/\/servitec.servitecglobalsystem.com\/index.php?rest_route=\/wp\/v2\/product\/1924","targetHints":{"allow":["GET"]}}],"collection":[{"href":"https:\/\/servitec.servitecglobalsystem.com\/index.php?rest_route=\/wp\/v2\/product"}],"about":[{"href":"https:\/\/servitec.servitecglobalsystem.com\/index.php?rest_route=\/wp\/v2\/types\/product"}],"replies":[{"embeddable":true,"href":"https:\/\/servitec.servitecglobalsystem.com\/index.php?rest_route=%2Fwp%2Fv2%2Fcomments&post=1924"}],"version-history":[{"count":2,"href":"https:\/\/servitec.servitecglobalsystem.com\/index.php?rest_route=\/wp\/v2\/product\/1924\/revisions"}],"predecessor-version":[{"id":1928,"href":"https:\/\/servitec.servitecglobalsystem.com\/index.php?rest_route=\/wp\/v2\/product\/1924\/revisions\/1928"}],"wp:featuredmedia":[{"embeddable":true,"href":"https:\/\/servitec.servitecglobalsystem.com\/index.php?rest_route=\/wp\/v2\/media\/4071"}],"wp:attachment":[{"href":"https:\/\/servitec.servitecglobalsystem.com\/index.php?rest_route=%2Fwp%2Fv2%2Fmedia&parent=1924"}],"wp:term":[{"taxonomy":"product_brand","embeddable":true,"href":"https:\/\/servitec.servitecglobalsystem.com\/index.php?rest_route=%2Fwp%2Fv2%2Fproduct_brand&post=1924"},{"taxonomy":"product_cat","embeddable":true,"href":"https:\/\/servitec.servitecglobalsystem.com\/index.php?rest_route=%2Fwp%2Fv2%2Fproduct_cat&post=1924"},{"taxonomy":"product_tag","embeddable":true,"href":"https:\/\/servitec.servitecglobalsystem.com\/index.php?rest_route=%2Fwp%2Fv2%2Fproduct_tag&post=1924"}],"curies":[{"name":"wp","href":"https:\/\/api.w.org\/{rel}","templated":true}]}}