{"id":1859,"date":"2025-04-03T16:21:22","date_gmt":"2025-04-03T16:21:22","guid":{"rendered":"https:\/\/servitec.servitecglobalsystem.com\/?post_type=product&#038;p=1859"},"modified":"2025-06-30T16:17:06","modified_gmt":"2025-06-30T16:17:06","slug":"memoria-ddr5-16gb-viper-stell-5600-mhz","status":"publish","type":"product","link":"https:\/\/servitec.servitecglobalsystem.com\/?product=memoria-ddr5-16gb-viper-stell-5600-mhz","title":{"rendered":"Memoria DDR5 16GB VIPER STELL 5600 MHZ"},"content":{"rendered":"<ul>\n<li class=\"\" data-start=\"90\" data-end=\"188\">\n<p class=\"\" data-start=\"92\" data-end=\"188\"><strong data-start=\"92\" data-end=\"105\">Capacidad<\/strong>: <span class=\"relative -mx-px my-[-0.2rem] rounded-sm px-px py-[0.2rem]\">16GB, adecuada para multitarea y aplicaciones exigentes.<\/span>\u200b<\/p>\n<\/li>\n<li class=\"\" data-start=\"189\" data-end=\"287\">\n<p class=\"\" data-start=\"191\" data-end=\"287\"><strong data-start=\"191\" data-end=\"204\">Velocidad<\/strong>: <span class=\"relative -mx-px my-[-0.2rem] rounded-sm px-px py-[0.2rem]\">5600 MHz, proporcionando un rendimiento r\u00e1pido y eficiente.<\/span>\u200b<\/p>\n<\/li>\n<li class=\"\" data-start=\"288\" data-end=\"381\">\n<p class=\"\" data-start=\"290\" data-end=\"381\"><strong data-start=\"290\" data-end=\"298\">Tipo<\/strong>: <span class=\"relative -mx-px my-[-0.2rem] rounded-sm px-px py-[0.2rem]\">DDR5, la \u00faltima generaci\u00f3n en tecnolog\u00eda de memoria RAM.<\/span>\u200b<\/p>\n<\/li>\n<li class=\"\" data-start=\"382\" data-end=\"483\">\n<p class=\"\" data-start=\"384\" data-end=\"483\"><strong data-start=\"384\" data-end=\"400\">Latencia CAS<\/strong>: <span class=\"relative -mx-px my-[-0.2rem] rounded-sm px-px py-[0.2rem]\">CL46, indicando el tiempo de respuesta de la memoria.<\/span>\u200b<\/p>\n<\/li>\n<li class=\"\" data-start=\"484\" data-end=\"584\">\n<p class=\"\" data-start=\"486\" data-end=\"584\"><strong data-start=\"486\" data-end=\"497\">Voltaje<\/strong>: <span class=\"relative -mx-px my-[-0.2rem] rounded-sm px-px py-[0.2rem]\">1.1V, contribuyendo a una mayor eficiencia energ\u00e9tica.<\/span>\u200b<\/p>\n<\/li>\n<li class=\"\" data-start=\"585\" data-end=\"693\">\n<p class=\"\" data-start=\"587\" data-end=\"693\"><strong data-start=\"587\" data-end=\"606\">Factor de forma<\/strong>: <span class=\"relative -mx-px my-[-0.2rem] rounded-sm px-px py-[0.2rem]\">UDIMM, compatible con la mayor\u00eda de las placas base de escritorio modernas.<\/span><\/p>\n<\/li>\n<\/ul>\n","protected":false},"excerpt":{"rendered":"<p>Capacidad: 16GB, adecuada para multitarea y aplicaciones exigentes.\u200b Velocidad: 5600 MHz, proporcionando un rendimiento r\u00e1pido y eficiente.\u200b Tipo: DDR5, la \u00faltima generaci\u00f3n en tecnolog\u00eda de memoria RAM.\u200b Latencia CAS: CL46, indicando el tiempo de respuesta de la memoria.\u200b Voltaje: 1.1V, contribuyendo a una mayor eficiencia energ\u00e9tica.\u200b Factor de forma: UDIMM, compatible con la mayor\u00eda de las placas base de escritorio modernas.<\/p>\n","protected":false},"featured_media":4095,"comment_status":"open","ping_status":"closed","template":"","meta":{"_joinchat":[],"jetpack_publicize_message":"","jetpack_publicize_feature_enabled":true,"jetpack_social_post_already_shared":true,"jetpack_social_options":{"image_generator_settings":{"template":"highway","default_image_id":0,"font":"","enabled":false},"version":2}},"product_brand":[],"product_cat":[35,24],"product_tag":[],"class_list":{"0":"post-1859","1":"product","2":"type-product","3":"status-publish","4":"has-post-thumbnail","6":"product_cat-memoria-ram","7":"product_cat-categoria-todos","9":"first","10":"instock","11":"taxable","12":"shipping-taxable","13":"purchasable","14":"product-type-simple"},"jetpack_publicize_connections":[],"_links":{"self":[{"href":"https:\/\/servitec.servitecglobalsystem.com\/index.php?rest_route=\/wp\/v2\/product\/1859","targetHints":{"allow":["GET"]}}],"collection":[{"href":"https:\/\/servitec.servitecglobalsystem.com\/index.php?rest_route=\/wp\/v2\/product"}],"about":[{"href":"https:\/\/servitec.servitecglobalsystem.com\/index.php?rest_route=\/wp\/v2\/types\/product"}],"replies":[{"embeddable":true,"href":"https:\/\/servitec.servitecglobalsystem.com\/index.php?rest_route=%2Fwp%2Fv2%2Fcomments&post=1859"}],"version-history":[{"count":1,"href":"https:\/\/servitec.servitecglobalsystem.com\/index.php?rest_route=\/wp\/v2\/product\/1859\/revisions"}],"predecessor-version":[{"id":1862,"href":"https:\/\/servitec.servitecglobalsystem.com\/index.php?rest_route=\/wp\/v2\/product\/1859\/revisions\/1862"}],"wp:featuredmedia":[{"embeddable":true,"href":"https:\/\/servitec.servitecglobalsystem.com\/index.php?rest_route=\/wp\/v2\/media\/4095"}],"wp:attachment":[{"href":"https:\/\/servitec.servitecglobalsystem.com\/index.php?rest_route=%2Fwp%2Fv2%2Fmedia&parent=1859"}],"wp:term":[{"taxonomy":"product_brand","embeddable":true,"href":"https:\/\/servitec.servitecglobalsystem.com\/index.php?rest_route=%2Fwp%2Fv2%2Fproduct_brand&post=1859"},{"taxonomy":"product_cat","embeddable":true,"href":"https:\/\/servitec.servitecglobalsystem.com\/index.php?rest_route=%2Fwp%2Fv2%2Fproduct_cat&post=1859"},{"taxonomy":"product_tag","embeddable":true,"href":"https:\/\/servitec.servitecglobalsystem.com\/index.php?rest_route=%2Fwp%2Fv2%2Fproduct_tag&post=1859"}],"curies":[{"name":"wp","href":"https:\/\/api.w.org\/{rel}","templated":true}]}}