{"id":1742,"date":"2025-04-02T22:28:59","date_gmt":"2025-04-02T22:28:59","guid":{"rendered":"https:\/\/servitec.servitecglobalsystem.com\/?post_type=product&#038;p=1742"},"modified":"2025-06-24T21:32:22","modified_gmt":"2025-06-24T21:32:22","slug":"placa-base-biostar-b760m","status":"publish","type":"product","link":"https:\/\/servitec.servitecglobalsystem.com\/?product=placa-base-biostar-b760m","title":{"rendered":"Placa Base (BIOSTAR) B760M"},"content":{"rendered":"<ul>\n<li class=\"\" data-start=\"132\" data-end=\"266\">\n<p class=\"\" data-start=\"134\" data-end=\"266\"><strong data-start=\"134\" data-end=\"145\">Memoria<\/strong>: <span class=\"relative -mx-px my-[-0.2rem] rounded px-px py-[0.2rem]\">Cuenta con 4 ranuras DIMM DDR5, admitiendo hasta 192 GB de RAM con frecuencias de hasta 6000+ MHz (OC).<\/span> \u200b: <span class=\"relative -mx-px my-[-0.2rem] rounded px-px py-[0.2rem]\">Dispone de 6 puertos SATA III (6 Gb\/s) y 2 ranuras M.2 PCIe 4.0 x4 para SSDs NVMe, permitiendo configuraciones de almacenamiento r\u00e1pidas y vers\u00e1tiles.<\/span> \u200b<\/p>\n<\/li>\n<li class=\"\" data-start=\"411\" data-end=\"549\">\n<p class=\"\" data-start=\"413\" data-end=\"549\"><strong data-start=\"413\" data-end=\"426\">Expansi\u00f3n<\/strong>: <span class=\"relative -mx-px my-[-0.2rem] rounded px-px py-[0.2rem]\">Ofrece una ranura PCIe 5.0 x16 para tarjetas gr\u00e1ficas de alto rendimiento y una ranura PCIe 4.0 x16 (funcionando a x4).<\/span><\/p>\n<\/li>\n<li class=\"\" data-start=\"551\" data-end=\"696\">\n<p class=\"\" data-start=\"553\" data-end=\"696\"><strong data-start=\"553\" data-end=\"569\">Conectividad<\/strong>: <span class=\"relative -mx-px my-[-0.2rem] rounded px-px py-[0.2rem]\">Incluye LAN Realtek RTL8125B de 2.5 GbE y soporte para m\u00f3dulos Wi-Fi 6 y 6E (tarjeta Wi-Fi no incluida).<\/span> \u200b<\/p>\n<\/li>\n<li class=\"\" data-start=\"698\" data-end=\"836\">\n<p class=\"\" data-start=\"700\" data-end=\"836\"><strong data-start=\"700\" data-end=\"709\">Audio<\/strong>: <span class=\"relative -mx-px my-[-0.2rem] rounded px-px py-[0.2rem]\">Incorpora el c\u00f3dec Realtek ALC1220, ofreciendo sonido de alta definici\u00f3n en 7.1 canales.<\/span><\/p>\n<\/li>\n<li class=\"\" data-start=\"838\" data-end=\"982\">\n<p class=\"\" data-start=\"840\" data-end=\"982\"><strong data-start=\"840\" data-end=\"855\">Puertos USB<\/strong>: <span class=\"relative -mx-px my-[-0.2rem] rounded px-px py-[0.2rem]\">Proporciona m\u00faltiples puertos USB, incluyendo USB 3.2 Gen2 Tipo-C para transferencias de datos r\u00e1pidas y conexiones vers\u00e1tiles.<\/span><\/p>\n<\/li>\n<\/ul>\n","protected":false},"excerpt":{"rendered":"<p>Memoria: Cuenta con 4 ranuras DIMM DDR5, admitiendo hasta 192 GB de RAM con frecuencias de hasta 6000+ MHz (OC). \u200b: Dispone de 6 puertos SATA III (6 Gb\/s) y 2 ranuras M.2 PCIe 4.0 x4 para SSDs NVMe, permitiendo configuraciones de almacenamiento r\u00e1pidas y vers\u00e1tiles. \u200b Expansi\u00f3n: Ofrece una ranura PCIe 5.0 x16 para tarjetas gr\u00e1ficas de alto rendimiento y una ranura PCIe 4.0 x16 (funcionando a x4). Conectividad: Incluye LAN Realtek RTL8125B de 2.5 GbE y soporte para m\u00f3dulos Wi-Fi 6 y 6E (tarjeta Wi-Fi no incluida). \u200b Audio: Incorpora el c\u00f3dec Realtek ALC1220, ofreciendo sonido de alta definici\u00f3n en 7.1 canales. Puertos USB: Proporciona m\u00faltiples puertos USB, incluyendo USB 3.2 Gen2 Tipo-C para transferencias de datos r\u00e1pidas y conexiones vers\u00e1tiles.<\/p>\n","protected":false},"featured_media":3897,"comment_status":"open","ping_status":"closed","template":"","meta":{"_joinchat":[],"jetpack_publicize_message":"","jetpack_publicize_feature_enabled":true,"jetpack_social_post_already_shared":false,"jetpack_social_options":{"image_generator_settings":{"template":"highway","default_image_id":0,"font":"","enabled":false},"version":2}},"product_brand":[],"product_cat":[29,24],"product_tag":[],"class_list":{"0":"post-1742","1":"product","2":"type-product","3":"status-publish","4":"has-post-thumbnail","6":"product_cat-placas-madre","7":"product_cat-categoria-todos","9":"first","10":"instock","11":"taxable","12":"shipping-taxable","13":"purchasable","14":"product-type-simple"},"jetpack_publicize_connections":[],"_links":{"self":[{"href":"https:\/\/servitec.servitecglobalsystem.com\/index.php?rest_route=\/wp\/v2\/product\/1742","targetHints":{"allow":["GET"]}}],"collection":[{"href":"https:\/\/servitec.servitecglobalsystem.com\/index.php?rest_route=\/wp\/v2\/product"}],"about":[{"href":"https:\/\/servitec.servitecglobalsystem.com\/index.php?rest_route=\/wp\/v2\/types\/product"}],"replies":[{"embeddable":true,"href":"https:\/\/servitec.servitecglobalsystem.com\/index.php?rest_route=%2Fwp%2Fv2%2Fcomments&post=1742"}],"version-history":[{"count":1,"href":"https:\/\/servitec.servitecglobalsystem.com\/index.php?rest_route=\/wp\/v2\/product\/1742\/revisions"}],"predecessor-version":[{"id":1746,"href":"https:\/\/servitec.servitecglobalsystem.com\/index.php?rest_route=\/wp\/v2\/product\/1742\/revisions\/1746"}],"wp:featuredmedia":[{"embeddable":true,"href":"https:\/\/servitec.servitecglobalsystem.com\/index.php?rest_route=\/wp\/v2\/media\/3897"}],"wp:attachment":[{"href":"https:\/\/servitec.servitecglobalsystem.com\/index.php?rest_route=%2Fwp%2Fv2%2Fmedia&parent=1742"}],"wp:term":[{"taxonomy":"product_brand","embeddable":true,"href":"https:\/\/servitec.servitecglobalsystem.com\/index.php?rest_route=%2Fwp%2Fv2%2Fproduct_brand&post=1742"},{"taxonomy":"product_cat","embeddable":true,"href":"https:\/\/servitec.servitecglobalsystem.com\/index.php?rest_route=%2Fwp%2Fv2%2Fproduct_cat&post=1742"},{"taxonomy":"product_tag","embeddable":true,"href":"https:\/\/servitec.servitecglobalsystem.com\/index.php?rest_route=%2Fwp%2Fv2%2Fproduct_tag&post=1742"}],"curies":[{"name":"wp","href":"https:\/\/api.w.org\/{rel}","templated":true}]}}