{"id":1733,"date":"2025-04-02T22:10:26","date_gmt":"2025-04-02T22:10:26","guid":{"rendered":"https:\/\/servitec.servitecglobalsystem.com\/?post_type=product&#038;p=1733"},"modified":"2025-06-24T21:25:52","modified_gmt":"2025-06-24T21:25:52","slug":"placa-base-boetec-am3","status":"publish","type":"product","link":"https:\/\/servitec.servitecglobalsystem.com\/?product=placa-base-boetec-am3","title":{"rendered":"Placa Base (Boetec) AM3+"},"content":{"rendered":"<ul>\n<li class=\"\" data-start=\"132\" data-end=\"266\">\n<p class=\"\" data-start=\"134\" data-end=\"266\"><strong data-start=\"134\" data-end=\"145\">Memoria<\/strong>: <span class=\"relative -mx-px my-[-0.2rem] rounded px-px py-[0.2rem]\">2 ranuras DDR4 en doble canal, soportando hasta 64 GB de RAM con frecuencias de 2400, 2800 y 3200 MHz.<\/span><\/p>\n<\/li>\n<li class=\"\" data-start=\"268\" data-end=\"409\">\n<p class=\"\" data-start=\"270\" data-end=\"409\"><strong data-start=\"270\" data-end=\"288\">Almacenamiento<\/strong>: <span class=\"relative -mx-px my-[-0.2rem] rounded px-px py-[0.2rem]\">4 puertos SATA III y 1 ranura M.2 compatible con SSDs SATA y NVMe, ofreciendo opciones flexibles para almacenamiento de alta velocidad.<\/span> \u200b<\/p>\n<\/li>\n<li class=\"\" data-start=\"411\" data-end=\"548\">\n<p class=\"\" data-start=\"413\" data-end=\"548\"><strong data-start=\"413\" data-end=\"425\">Gr\u00e1ficos<\/strong>: <span class=\"relative -mx-px my-[-0.2rem] rounded px-px py-[0.2rem]\">Soporte para gr\u00e1ficos integrados Intel HD Graphics, con salidas DisplayPort, HDMI, DVI y D-Sub, permitiendo configuraciones de m\u00faltiples pantallas.<\/span> \u200b<\/p>\n<\/li>\n<li class=\"\" data-start=\"550\" data-end=\"695\">\n<p class=\"\" data-start=\"552\" data-end=\"695\"><strong data-start=\"552\" data-end=\"568\">Conectividad<\/strong>: <span class=\"relative -mx-px my-[-0.2rem] rounded px-px py-[0.2rem]\">LAN Realtek 8111H de 100\/1000 Mbps con soporte para Wake-on-LAN y funci\u00f3n PXE. Adem\u00e1s, cuenta con 2 conectores USB que soportan 2 puertos USB 2.0 y 2 puertos USB 3.0.<\/span> <strong data-start=\"699\" data-end=\"708\">Audio<\/strong>: <span class=\"relative -mx-px my-[-0.2rem] rounded px-px py-[0.2rem]\">Chip de audio HD integrado de 6 canales, proporcionando sonido de alta definici\u00f3n para una experiencia auditiva inmersiva.<\/span><\/p>\n<\/li>\n<\/ul>\n","protected":false},"excerpt":{"rendered":"<p>Memoria: 2 ranuras DDR4 en doble canal, soportando hasta 64 GB de RAM con frecuencias de 2400, 2800 y 3200 MHz. Almacenamiento: 4 puertos SATA III y 1 ranura M.2 compatible con SSDs SATA y NVMe, ofreciendo opciones flexibles para almacenamiento de alta velocidad. \u200b Gr\u00e1ficos: Soporte para gr\u00e1ficos integrados Intel HD Graphics, con salidas DisplayPort, HDMI, DVI y D-Sub, permitiendo configuraciones de m\u00faltiples pantallas. \u200b Conectividad: LAN Realtek 8111H de 100\/1000 Mbps con soporte para Wake-on-LAN y funci\u00f3n PXE. Adem\u00e1s, cuenta con 2 conectores USB que soportan 2 puertos USB 2.0 y 2 puertos USB 3.0. Audio: Chip de audio HD integrado de 6 canales, proporcionando sonido de alta definici\u00f3n para una experiencia auditiva inmersiva.<\/p>\n","protected":false},"featured_media":3891,"comment_status":"open","ping_status":"closed","template":"","meta":{"_joinchat":[],"jetpack_publicize_message":"","jetpack_publicize_feature_enabled":true,"jetpack_social_post_already_shared":false,"jetpack_social_options":{"image_generator_settings":{"template":"highway","default_image_id":0,"font":"","enabled":false},"version":2}},"product_brand":[],"product_cat":[29,24],"product_tag":[],"class_list":{"0":"post-1733","1":"product","2":"type-product","3":"status-publish","4":"has-post-thumbnail","6":"product_cat-placas-madre","7":"product_cat-categoria-todos","9":"first","10":"instock","11":"taxable","12":"shipping-taxable","13":"purchasable","14":"product-type-simple"},"jetpack_publicize_connections":[],"_links":{"self":[{"href":"https:\/\/servitec.servitecglobalsystem.com\/index.php?rest_route=\/wp\/v2\/product\/1733","targetHints":{"allow":["GET"]}}],"collection":[{"href":"https:\/\/servitec.servitecglobalsystem.com\/index.php?rest_route=\/wp\/v2\/product"}],"about":[{"href":"https:\/\/servitec.servitecglobalsystem.com\/index.php?rest_route=\/wp\/v2\/types\/product"}],"replies":[{"embeddable":true,"href":"https:\/\/servitec.servitecglobalsystem.com\/index.php?rest_route=%2Fwp%2Fv2%2Fcomments&post=1733"}],"version-history":[{"count":1,"href":"https:\/\/servitec.servitecglobalsystem.com\/index.php?rest_route=\/wp\/v2\/product\/1733\/revisions"}],"predecessor-version":[{"id":1736,"href":"https:\/\/servitec.servitecglobalsystem.com\/index.php?rest_route=\/wp\/v2\/product\/1733\/revisions\/1736"}],"wp:featuredmedia":[{"embeddable":true,"href":"https:\/\/servitec.servitecglobalsystem.com\/index.php?rest_route=\/wp\/v2\/media\/3891"}],"wp:attachment":[{"href":"https:\/\/servitec.servitecglobalsystem.com\/index.php?rest_route=%2Fwp%2Fv2%2Fmedia&parent=1733"}],"wp:term":[{"taxonomy":"product_brand","embeddable":true,"href":"https:\/\/servitec.servitecglobalsystem.com\/index.php?rest_route=%2Fwp%2Fv2%2Fproduct_brand&post=1733"},{"taxonomy":"product_cat","embeddable":true,"href":"https:\/\/servitec.servitecglobalsystem.com\/index.php?rest_route=%2Fwp%2Fv2%2Fproduct_cat&post=1733"},{"taxonomy":"product_tag","embeddable":true,"href":"https:\/\/servitec.servitecglobalsystem.com\/index.php?rest_route=%2Fwp%2Fv2%2Fproduct_tag&post=1733"}],"curies":[{"name":"wp","href":"https:\/\/api.w.org\/{rel}","templated":true}]}}